{"id":12,"date":"2023-07-04T11:28:05","date_gmt":"2023-07-04T09:28:05","guid":{"rendered":"https:\/\/dev-dr-kaya.justdo-it.at\/?page_id=12"},"modified":"2023-07-27T13:16:21","modified_gmt":"2023-07-27T11:16:21","slug":"leistungen","status":"publish","type":"page","link":"https:\/\/dr-kaya.at\/?page_id=12","title":{"rendered":"Leistungen"},"content":{"rendered":"\t\t<div data-elementor-type=\"wp-page\" data-elementor-id=\"12\" class=\"elementor elementor-12\" data-elementor-post-type=\"page\">\n\t\t\t\t\t\t<section data-particle_enable=\"false\" data-particle-mobile-disabled=\"false\" class=\"elementor-section elementor-top-section elementor-element elementor-element-83462cf elementor-section-height-min-height elementor-section-boxed elementor-section-height-default elementor-section-items-middle\" data-id=\"83462cf\" data-element_type=\"section\" data-e-type=\"section\">\n\t\t\t\t\t\t\t<div class=\"elementor-background-overlay\"><\/div>\n\t\t\t\t\t\t\t<div class=\"elementor-container elementor-column-gap-default\">\n\t\t\t\t\t<div class=\"elementor-column elementor-col-33 elementor-top-column elementor-element elementor-element-d69c63c\" data-id=\"d69c63c\" data-element_type=\"column\" data-e-type=\"column\">\n\t\t\t<div class=\"elementor-widget-wrap\">\n\t\t\t\t\t\t\t<\/div>\n\t\t<\/div>\n\t\t\t\t<div class=\"elementor-column elementor-col-66 elementor-top-column elementor-element elementor-element-6a58807\" data-id=\"6a58807\" data-element_type=\"column\" data-e-type=\"column\">\n\t\t\t<div class=\"elementor-widget-wrap elementor-element-populated\">\n\t\t\t\t\t\t<div class=\"elementor-element elementor-element-5e426c6 elementor-widget elementor-widget-menu-anchor\" data-id=\"5e426c6\" data-element_type=\"widget\" data-e-type=\"widget\" data-widget_type=\"menu-anchor.default\">\n\t\t\t\t<div class=\"elementor-widget-container\">\n\t\t\t\t\t\t\t<div class=\"elementor-menu-anchor\" id=\"Uebersicht\"><\/div>\n\t\t\t\t\t\t<\/div>\n\t\t\t\t<\/div>\n\t\t\t\t<div class=\"elementor-element elementor-element-23c2b33 elementor-widget elementor-widget-heading\" data-id=\"23c2b33\" data-element_type=\"widget\" data-e-type=\"widget\" data-widget_type=\"heading.default\">\n\t\t\t\t<div class=\"elementor-widget-container\">\n\t\t\t\t\t<h2 class=\"elementor-heading-title elementor-size-default\">Leistungen<\/h2>\t\t\t\t<\/div>\n\t\t\t\t<\/div>\n\t\t\t\t<div class=\"elementor-element elementor-element-b1345a3 elementor-widget elementor-widget-text-editor\" data-id=\"b1345a3\" data-element_type=\"widget\" data-e-type=\"widget\" data-widget_type=\"text-editor.default\">\n\t\t\t\t<div class=\"elementor-widget-container\">\n\t\t\t\t\t\t\t\t\t<ul><li><span style=\"text-decoration: underline;\"><a href=\"#Konservierend_Zahnheilkunde\">Konservierende Zahnheilkunde<\/a><\/span><\/li><li><span style=\"text-decoration: underline;\"><a href=\"#Zahnersatz\">Festsitzender und abnehmbarer Zahnersatz<\/a><\/span><\/li><li><span style=\"text-decoration: underline;\"><a href=\"#Mundhygiene\">Mundhygiene und Prophylaxe<\/a><\/span><\/li><li><span style=\"text-decoration: underline;\"><a href=\"#Zahnaufhellung\">Zahnaufhellung und Zahnschmuck<\/a><\/span><\/li><\/ul>\t\t\t\t\t\t\t\t<\/div>\n\t\t\t\t<\/div>\n\t\t\t\t\t<\/div>\n\t\t<\/div>\n\t\t\t\t\t<\/div>\n\t\t<\/section>\n\t\t\t\t<section data-particle_enable=\"false\" data-particle-mobile-disabled=\"false\" class=\"elementor-section elementor-top-section elementor-element elementor-element-aac141d elementor-section-height-min-height elementor-section-boxed elementor-section-height-default elementor-section-items-middle\" data-id=\"aac141d\" data-element_type=\"section\" data-e-type=\"section\" data-settings=\"{&quot;animation&quot;:&quot;none&quot;}\">\n\t\t\t\t\t\t\t<div class=\"elementor-background-overlay\"><\/div>\n\t\t\t\t\t\t\t<div class=\"elementor-container elementor-column-gap-default\">\n\t\t\t\t\t<div class=\"elementor-column elementor-col-66 elementor-top-column elementor-element elementor-element-191df39\" data-id=\"191df39\" data-element_type=\"column\" data-e-type=\"column\">\n\t\t\t<div class=\"elementor-widget-wrap elementor-element-populated\">\n\t\t\t\t\t\t<div class=\"elementor-element elementor-element-baa8a6e elementor-widget elementor-widget-menu-anchor\" data-id=\"baa8a6e\" data-element_type=\"widget\" data-e-type=\"widget\" data-widget_type=\"menu-anchor.default\">\n\t\t\t\t<div class=\"elementor-widget-container\">\n\t\t\t\t\t\t\t<div class=\"elementor-menu-anchor\" id=\"Konservierend_Zahnheilkunde\"><\/div>\n\t\t\t\t\t\t<\/div>\n\t\t\t\t<\/div>\n\t\t\t\t<div class=\"elementor-element elementor-element-9f13ddf elementor-widget elementor-widget-heading\" data-id=\"9f13ddf\" data-element_type=\"widget\" data-e-type=\"widget\" data-widget_type=\"heading.default\">\n\t\t\t\t<div class=\"elementor-widget-container\">\n\t\t\t\t\t<h2 class=\"elementor-heading-title elementor-size-default\">Konservierende Zahnheilkunde<\/h2>\t\t\t\t<\/div>\n\t\t\t\t<\/div>\n\t\t\t\t<div class=\"elementor-element elementor-element-7f76c1f elementor-widget elementor-widget-text-editor\" data-id=\"7f76c1f\" data-element_type=\"widget\" data-e-type=\"widget\" data-widget_type=\"text-editor.default\">\n\t\t\t\t<div class=\"elementor-widget-container\">\n\t\t\t\t\t\t\t\t\t<p>Als konservierende Zahnheilkunde bezeichnet man alle zahnmedizinischen Therapieformen, die dem Erhalt des Zahnes dienen. Heutzutage werden dazu vermehrt Komposite, die der Naturfarbe des Zahnes entsprechen, eingesetzt (Kunststofff\u00fcllung). Die Versorgung von kari\u00f6sen Z\u00e4hnen mit Amalgam (Quecksilberlegierung) ist vor allem aufgrund des stetig zunehmenden \u00c4sthetik- und Gesundheitsbewusstseins auf Seiten der Patienten \u00fcberholt.<br \/>Wenn der Schaden am Zahn ein zu gro\u00dfes Ausma\u00df erreicht und eine Restauration mit F\u00fcllungen nicht mehr m\u00f6glich ist, schaffen sogenannte Einlagef\u00fcllungen aus Keramik oder Gold (Inlays) Abhilfe. Diese werden vom Zahntechniker auf dem Modell des Patienten hergestellt und stellen aufgrund der individuellen Anpassung an das Gebiss des Patienten eine hochwertige, langlebige Versorgung dar.<\/p><p><span style=\"text-decoration: underline;\"><a href=\"#Uebersicht\">Zur\u00fcck nach oben<\/a><\/span><\/p>\t\t\t\t\t\t\t\t<\/div>\n\t\t\t\t<\/div>\n\t\t\t\t\t<\/div>\n\t\t<\/div>\n\t\t\t\t<div class=\"elementor-column elementor-col-33 elementor-top-column elementor-element elementor-element-7f45544\" data-id=\"7f45544\" data-element_type=\"column\" data-e-type=\"column\">\n\t\t\t<div class=\"elementor-widget-wrap\">\n\t\t\t\t\t\t\t<\/div>\n\t\t<\/div>\n\t\t\t\t\t<\/div>\n\t\t<\/section>\n\t\t\t\t<section data-particle_enable=\"false\" data-particle-mobile-disabled=\"false\" class=\"elementor-section elementor-top-section elementor-element elementor-element-f10ce1f elementor-section-height-min-height elementor-section-boxed elementor-section-height-default elementor-section-items-middle\" data-id=\"f10ce1f\" data-element_type=\"section\" data-e-type=\"section\" data-settings=\"{&quot;animation&quot;:&quot;none&quot;}\">\n\t\t\t\t\t\t\t<div class=\"elementor-background-overlay\"><\/div>\n\t\t\t\t\t\t\t<div class=\"elementor-container elementor-column-gap-default\">\n\t\t\t\t\t<div class=\"elementor-column elementor-col-33 elementor-top-column elementor-element elementor-element-5503ae2\" data-id=\"5503ae2\" data-element_type=\"column\" data-e-type=\"column\">\n\t\t\t<div class=\"elementor-widget-wrap\">\n\t\t\t\t\t\t\t<\/div>\n\t\t<\/div>\n\t\t\t\t<div class=\"elementor-column elementor-col-66 elementor-top-column elementor-element elementor-element-6ff50d9\" data-id=\"6ff50d9\" data-element_type=\"column\" data-e-type=\"column\">\n\t\t\t<div class=\"elementor-widget-wrap elementor-element-populated\">\n\t\t\t\t\t\t<div class=\"elementor-element elementor-element-2bdbfe7 elementor-widget elementor-widget-menu-anchor\" data-id=\"2bdbfe7\" data-element_type=\"widget\" data-e-type=\"widget\" data-widget_type=\"menu-anchor.default\">\n\t\t\t\t<div class=\"elementor-widget-container\">\n\t\t\t\t\t\t\t<div class=\"elementor-menu-anchor\" id=\"Zahnersatz\"><\/div>\n\t\t\t\t\t\t<\/div>\n\t\t\t\t<\/div>\n\t\t\t\t<div class=\"elementor-element elementor-element-5713a4d elementor-widget elementor-widget-heading\" data-id=\"5713a4d\" data-element_type=\"widget\" data-e-type=\"widget\" data-widget_type=\"heading.default\">\n\t\t\t\t<div class=\"elementor-widget-container\">\n\t\t\t\t\t<h2 class=\"elementor-heading-title elementor-size-default\">Festsitzender und <br>\nabnehmbarer Zahnersatz<\/h2>\t\t\t\t<\/div>\n\t\t\t\t<\/div>\n\t\t\t\t<div class=\"elementor-element elementor-element-9a2c414 elementor-widget elementor-widget-text-editor\" data-id=\"9a2c414\" data-element_type=\"widget\" data-e-type=\"widget\" data-widget_type=\"text-editor.default\">\n\t\t\t\t<div class=\"elementor-widget-container\">\n\t\t\t\t\t\t\t\t\t<p>Kleine oder gr\u00f6\u00dfere L\u00fccken im Gebiss stellen heutzutage kein Problem dar. Bei gesunder Eigenbezahnung und kleinen L\u00fccken stellen Einzelzahnkronen oder Br\u00fccken aus Porzellan im Metallverbund oder aus Zirkon die beste Versorgungsm\u00f6glichkeit dar.<\/p><p>Bei gr\u00f6\u00dferen Zahnl\u00fccken und parodontal geschw\u00e4chten Z\u00e4hnen ist die Anfertigung von Teilprothesen geboten. Totalprothesen werden bei komplettem Zahnverlust eines Kiefers hergestellt.<\/p><p>Im Rahmen eines ausf\u00fchrlichen \u00e4rztlichen Beratungsgespr\u00e4ches werden gemeinsam mit dem Patienten die f\u00fcr ihn zweckm\u00e4\u00dfige Therapie festgelegt. Gerne stehen ich und mein geschultes Fachpersonal f\u00fcr diesbez\u00fcgliche Informationsgespr\u00e4che und Untersuchungen zur Verf\u00fcgung.<\/p><p><span style=\"text-decoration: underline;\"><a href=\"#Uebersicht\">Zur\u00fcck nach oben<\/a><\/span><\/p>\t\t\t\t\t\t\t\t<\/div>\n\t\t\t\t<\/div>\n\t\t\t\t\t<\/div>\n\t\t<\/div>\n\t\t\t\t\t<\/div>\n\t\t<\/section>\n\t\t\t\t<section data-particle_enable=\"false\" data-particle-mobile-disabled=\"false\" class=\"elementor-section elementor-top-section elementor-element elementor-element-998d807 elementor-section-height-min-height elementor-section-boxed elementor-section-height-default elementor-section-items-middle\" data-id=\"998d807\" data-element_type=\"section\" data-e-type=\"section\">\n\t\t\t\t\t\t\t<div class=\"elementor-background-overlay\"><\/div>\n\t\t\t\t\t\t\t<div class=\"elementor-container elementor-column-gap-default\">\n\t\t\t\t\t<div class=\"elementor-column elementor-col-66 elementor-top-column elementor-element elementor-element-365742c\" data-id=\"365742c\" data-element_type=\"column\" data-e-type=\"column\">\n\t\t\t<div class=\"elementor-widget-wrap elementor-element-populated\">\n\t\t\t\t\t\t<div class=\"elementor-element elementor-element-acc78fc elementor-widget elementor-widget-menu-anchor\" data-id=\"acc78fc\" data-element_type=\"widget\" data-e-type=\"widget\" data-widget_type=\"menu-anchor.default\">\n\t\t\t\t<div class=\"elementor-widget-container\">\n\t\t\t\t\t\t\t<div class=\"elementor-menu-anchor\" id=\"Mundhygiene\"><\/div>\n\t\t\t\t\t\t<\/div>\n\t\t\t\t<\/div>\n\t\t\t\t<div class=\"elementor-element elementor-element-2b9195a elementor-widget elementor-widget-heading\" data-id=\"2b9195a\" data-element_type=\"widget\" data-e-type=\"widget\" data-widget_type=\"heading.default\">\n\t\t\t\t<div class=\"elementor-widget-container\">\n\t\t\t\t\t<h2 class=\"elementor-heading-title elementor-size-default\">Mundhyghiene und Prophylaxe<\/h2>\t\t\t\t<\/div>\n\t\t\t\t<\/div>\n\t\t\t\t<div class=\"elementor-element elementor-element-31ea4a5 elementor-widget elementor-widget-text-editor\" data-id=\"31ea4a5\" data-element_type=\"widget\" data-e-type=\"widget\" data-widget_type=\"text-editor.default\">\n\t\t\t\t<div class=\"elementor-widget-container\">\n\t\t\t\t\t\t\t\t\t<p>Statistisch gesehen ist Parodontitis (Entz\u00fcndung des Zahnhalteapparat) die Hauptursache f\u00fcr den Zahnverlust. Um dieser Erkrankung des Zahnhalteapparats vorzubeugen, ist eine professionelle Mundhygiene von gro\u00dfer Bedeutung. Bei der professionellen Mundhygiene werden Bel\u00e4ge, Zahnstein und Verf\u00e4rbungen sowohl unter dem Zahnfleisch als auch \u00fcber dem Zahnfleischniveau zun\u00e4chst schonend mit dem Ultraschall und anschlie\u00dfend mit dem Pulverstrahlger\u00e4t gereinigt. Unmittelbar nach der Reinigung wird die Zahnoberfl\u00e4che poliert und fluoridiert, um die Zahnsubstanz zu st\u00e4rken und etwaiger Zahnkaries vorzubeugen.<\/p><p>In der Mundhygienesitzung wird dem Patienten die auf seine Bezahnung angepasste Zahnputztechnik erkl\u00e4rt, um eine gute h\u00e4usliche Mundpflege zu gew\u00e4hrleisten.<\/p><p>Die regelm\u00e4\u00dfige Durchf\u00fchrung professioneller Mundhygiene wird vor allem bei dauerndem Genuss von Kaffee, Schwarztee, Zigaretten und Rotwein empfohlen.<\/p><p><span style=\"text-decoration: underline;\"><a href=\"#Uebersicht\">Zur\u00fcck nach oben<\/a><\/span><\/p>\t\t\t\t\t\t\t\t<\/div>\n\t\t\t\t<\/div>\n\t\t\t\t\t<\/div>\n\t\t<\/div>\n\t\t\t\t<div class=\"elementor-column elementor-col-33 elementor-top-column elementor-element elementor-element-cd9d065\" data-id=\"cd9d065\" data-element_type=\"column\" data-e-type=\"column\">\n\t\t\t<div class=\"elementor-widget-wrap\">\n\t\t\t\t\t\t\t<\/div>\n\t\t<\/div>\n\t\t\t\t\t<\/div>\n\t\t<\/section>\n\t\t\t\t<section data-particle_enable=\"false\" data-particle-mobile-disabled=\"false\" class=\"elementor-section elementor-top-section elementor-element elementor-element-efbc9dc elementor-section-height-min-height elementor-section-boxed elementor-section-height-default elementor-section-items-middle\" data-id=\"efbc9dc\" data-element_type=\"section\" data-e-type=\"section\">\n\t\t\t\t\t\t\t<div class=\"elementor-background-overlay\"><\/div>\n\t\t\t\t\t\t\t<div class=\"elementor-container elementor-column-gap-default\">\n\t\t\t\t\t<div class=\"elementor-column elementor-col-33 elementor-top-column elementor-element elementor-element-c2cc689\" data-id=\"c2cc689\" data-element_type=\"column\" data-e-type=\"column\">\n\t\t\t<div class=\"elementor-widget-wrap\">\n\t\t\t\t\t\t\t<\/div>\n\t\t<\/div>\n\t\t\t\t<div class=\"elementor-column elementor-col-66 elementor-top-column elementor-element elementor-element-2298e57\" data-id=\"2298e57\" data-element_type=\"column\" data-e-type=\"column\">\n\t\t\t<div class=\"elementor-widget-wrap elementor-element-populated\">\n\t\t\t\t\t\t<div class=\"elementor-element elementor-element-13ac7ae elementor-widget elementor-widget-menu-anchor\" data-id=\"13ac7ae\" data-element_type=\"widget\" data-e-type=\"widget\" data-widget_type=\"menu-anchor.default\">\n\t\t\t\t<div class=\"elementor-widget-container\">\n\t\t\t\t\t\t\t<div class=\"elementor-menu-anchor\" id=\"Zahnaufhellung\"><\/div>\n\t\t\t\t\t\t<\/div>\n\t\t\t\t<\/div>\n\t\t\t\t<div class=\"elementor-element elementor-element-26421dd elementor-widget elementor-widget-heading\" data-id=\"26421dd\" data-element_type=\"widget\" data-e-type=\"widget\" data-widget_type=\"heading.default\">\n\t\t\t\t<div class=\"elementor-widget-container\">\n\t\t\t\t\t<h2 class=\"elementor-heading-title elementor-size-default\">Zahnaufhellung und Zahnschmuck<\/h2>\t\t\t\t<\/div>\n\t\t\t\t<\/div>\n\t\t\t\t<div class=\"elementor-element elementor-element-ae4f1f5 elementor-widget elementor-widget-text-editor\" data-id=\"ae4f1f5\" data-element_type=\"widget\" data-e-type=\"widget\" data-widget_type=\"text-editor.default\">\n\t\t\t\t<div class=\"elementor-widget-container\">\n\t\t\t\t\t\t\t\t\t<p>Ein strahlend wei\u00dfes L\u00e4cheln gibt jedem Menschen Selbstbewusstsein und ist ein Zeichen von gesunden und sch\u00f6nen Z\u00e4hnen. Die Zahnaufhellung (=Bleaching) erm\u00f6glicht vor allem Patienten, deren Z\u00e4hne einen starken Gelbton aufweisen, ihren Wunsch nach wei\u00dferen Z\u00e4hnen zu verwirklichen. Dazu wird ein Gel mit Carbamidperoxiden in eine vom Techniker individuell angefertigte Aufhellungsschiene gef\u00fcllt. Diese Schiene wird anschlie\u00dfend auf die Z\u00e4hne des Patienten gest\u00fclpt. Die im Gel enthaltenen Peroxide spalten die Farbmolek\u00fcle des Zahnes zu Sauerstoffradikalen, wodurch sich der Zahn entf\u00e4rbt. Abh\u00e4ngig von der Ausgangsfarbe der Z\u00e4hne k\u00f6nnen verschieden konzentrierte Gele verabreicht werden.<\/p><p>Zahnschmuck ist eine beliebte Methode zur Betonung der Z\u00e4hne. Er ist in unterschiedlichen Gr\u00f6\u00dfen, Formen und Farben erh\u00e4ltlich und kann vom Zahnarzt m\u00fchelos, ohne Schmerzen und Sch\u00e4digung der Zahnsubstanz, angeklebt und auch wieder entfernt werden.<\/p><p><span style=\"text-decoration: underline;\"><a href=\"#Uebersicht\">Zur\u00fcck nach oben<\/a><\/span><\/p>\t\t\t\t\t\t\t\t<\/div>\n\t\t\t\t<\/div>\n\t\t\t\t\t<\/div>\n\t\t<\/div>\n\t\t\t\t\t<\/div>\n\t\t<\/section>\n\t\t\t\t<\/div>\n\t\t","protected":false},"excerpt":{"rendered":"<p>Leistungen Konservierende Zahnheilkunde Festsitzender und abnehmbarer Zahnersatz Mundhygiene und Prophylaxe Zahnaufhellung und Zahnschmuck Konservierende Zahnheilkunde Als konservierende Zahnheilkunde bezeichnet man alle zahnmedizinischen Therapieformen, die dem Erhalt des Zahnes dienen. Heutzutage werden dazu vermehrt Komposite, die der Naturfarbe des Zahnes entsprechen, eingesetzt (Kunststofff\u00fcllung). Die Versorgung von kari\u00f6sen Z\u00e4hnen mit Amalgam (Quecksilberlegierung) ist vor allem aufgrund des [&hellip;]<\/p>\n","protected":false},"author":1,"featured_media":0,"parent":0,"menu_order":0,"comment_status":"closed","ping_status":"closed","template":"","meta":{"footnotes":""},"class_list":["post-12","page","type-page","status-publish","hentry"],"yoast_head":"<!-- This site is optimized with the Yoast SEO plugin v27.3 - https:\/\/yoast.com\/product\/yoast-seo-wordpress\/ -->\n<title>Leistungen - Dr. med. dent. Erkan Kaya \u2013 Zahnarzt<\/title>\n<meta name=\"robots\" content=\"index, follow, max-snippet:-1, max-image-preview:large, max-video-preview:-1\" \/>\n<link rel=\"canonical\" href=\"https:\/\/dr-kaya.at\/?page_id=12\" \/>\n<meta property=\"og:locale\" content=\"de_DE\" \/>\n<meta property=\"og:type\" content=\"article\" \/>\n<meta property=\"og:title\" content=\"Leistungen - Dr. med. dent. Erkan Kaya \u2013 Zahnarzt\" \/>\n<meta property=\"og:description\" content=\"Leistungen Konservierende Zahnheilkunde Festsitzender und abnehmbarer Zahnersatz Mundhygiene und Prophylaxe Zahnaufhellung und Zahnschmuck Konservierende Zahnheilkunde Als konservierende Zahnheilkunde bezeichnet man alle zahnmedizinischen Therapieformen, die dem Erhalt des Zahnes dienen. Heutzutage werden dazu vermehrt Komposite, die der Naturfarbe des Zahnes entsprechen, eingesetzt (Kunststofff\u00fcllung). Die Versorgung von kari\u00f6sen Z\u00e4hnen mit Amalgam (Quecksilberlegierung) ist vor allem aufgrund des [&hellip;]\" \/>\n<meta property=\"og:url\" content=\"https:\/\/dr-kaya.at\/?page_id=12\" \/>\n<meta property=\"og:site_name\" content=\"Dr. med. dent. Erkan Kaya \u2013 Zahnarzt\" \/>\n<meta property=\"article:modified_time\" content=\"2023-07-27T11:16:21+00:00\" \/>\n<meta name=\"twitter:card\" content=\"summary_large_image\" \/>\n<meta name=\"twitter:label1\" content=\"Gesch\u00e4tzte Lesezeit\" \/>\n\t<meta name=\"twitter:data1\" content=\"3\u00a0Minuten\" \/>\n<script type=\"application\/ld+json\" class=\"yoast-schema-graph\">{\"@context\":\"https:\\\/\\\/schema.org\",\"@graph\":[{\"@type\":\"WebPage\",\"@id\":\"https:\\\/\\\/dr-kaya.at\\\/?page_id=12\",\"url\":\"https:\\\/\\\/dr-kaya.at\\\/?page_id=12\",\"name\":\"Leistungen - Dr. med. dent. Erkan Kaya \u2013 Zahnarzt\",\"isPartOf\":{\"@id\":\"https:\\\/\\\/dr-kaya.at\\\/#website\"},\"datePublished\":\"2023-07-04T09:28:05+00:00\",\"dateModified\":\"2023-07-27T11:16:21+00:00\",\"breadcrumb\":{\"@id\":\"https:\\\/\\\/dr-kaya.at\\\/?page_id=12#breadcrumb\"},\"inLanguage\":\"de\",\"potentialAction\":[{\"@type\":\"ReadAction\",\"target\":[\"https:\\\/\\\/dr-kaya.at\\\/?page_id=12\"]}]},{\"@type\":\"BreadcrumbList\",\"@id\":\"https:\\\/\\\/dr-kaya.at\\\/?page_id=12#breadcrumb\",\"itemListElement\":[{\"@type\":\"ListItem\",\"position\":1,\"name\":\"Startseite\",\"item\":\"https:\\\/\\\/dr-kaya.at\\\/\"},{\"@type\":\"ListItem\",\"position\":2,\"name\":\"Leistungen\"}]},{\"@type\":\"WebSite\",\"@id\":\"https:\\\/\\\/dr-kaya.at\\\/#website\",\"url\":\"https:\\\/\\\/dr-kaya.at\\\/\",\"name\":\"Dr. med. dent. Erkan Kaya \u2013 Zahnarzt\",\"description\":\"\",\"potentialAction\":[{\"@type\":\"SearchAction\",\"target\":{\"@type\":\"EntryPoint\",\"urlTemplate\":\"https:\\\/\\\/dr-kaya.at\\\/?s={search_term_string}\"},\"query-input\":{\"@type\":\"PropertyValueSpecification\",\"valueRequired\":true,\"valueName\":\"search_term_string\"}}],\"inLanguage\":\"de\"}]}<\/script>\n<!-- \/ Yoast SEO plugin. -->","yoast_head_json":{"title":"Leistungen - Dr. med. dent. Erkan Kaya \u2013 Zahnarzt","robots":{"index":"index","follow":"follow","max-snippet":"max-snippet:-1","max-image-preview":"max-image-preview:large","max-video-preview":"max-video-preview:-1"},"canonical":"https:\/\/dr-kaya.at\/?page_id=12","og_locale":"de_DE","og_type":"article","og_title":"Leistungen - Dr. med. dent. Erkan Kaya \u2013 Zahnarzt","og_description":"Leistungen Konservierende Zahnheilkunde Festsitzender und abnehmbarer Zahnersatz Mundhygiene und Prophylaxe Zahnaufhellung und Zahnschmuck Konservierende Zahnheilkunde Als konservierende Zahnheilkunde bezeichnet man alle zahnmedizinischen Therapieformen, die dem Erhalt des Zahnes dienen. Heutzutage werden dazu vermehrt Komposite, die der Naturfarbe des Zahnes entsprechen, eingesetzt (Kunststofff\u00fcllung). Die Versorgung von kari\u00f6sen Z\u00e4hnen mit Amalgam (Quecksilberlegierung) ist vor allem aufgrund des [&hellip;]","og_url":"https:\/\/dr-kaya.at\/?page_id=12","og_site_name":"Dr. med. dent. Erkan Kaya \u2013 Zahnarzt","article_modified_time":"2023-07-27T11:16:21+00:00","twitter_card":"summary_large_image","twitter_misc":{"Gesch\u00e4tzte Lesezeit":"3\u00a0Minuten"},"schema":{"@context":"https:\/\/schema.org","@graph":[{"@type":"WebPage","@id":"https:\/\/dr-kaya.at\/?page_id=12","url":"https:\/\/dr-kaya.at\/?page_id=12","name":"Leistungen - Dr. med. dent. Erkan Kaya \u2013 Zahnarzt","isPartOf":{"@id":"https:\/\/dr-kaya.at\/#website"},"datePublished":"2023-07-04T09:28:05+00:00","dateModified":"2023-07-27T11:16:21+00:00","breadcrumb":{"@id":"https:\/\/dr-kaya.at\/?page_id=12#breadcrumb"},"inLanguage":"de","potentialAction":[{"@type":"ReadAction","target":["https:\/\/dr-kaya.at\/?page_id=12"]}]},{"@type":"BreadcrumbList","@id":"https:\/\/dr-kaya.at\/?page_id=12#breadcrumb","itemListElement":[{"@type":"ListItem","position":1,"name":"Startseite","item":"https:\/\/dr-kaya.at\/"},{"@type":"ListItem","position":2,"name":"Leistungen"}]},{"@type":"WebSite","@id":"https:\/\/dr-kaya.at\/#website","url":"https:\/\/dr-kaya.at\/","name":"Dr. med. dent. Erkan Kaya \u2013 Zahnarzt","description":"","potentialAction":[{"@type":"SearchAction","target":{"@type":"EntryPoint","urlTemplate":"https:\/\/dr-kaya.at\/?s={search_term_string}"},"query-input":{"@type":"PropertyValueSpecification","valueRequired":true,"valueName":"search_term_string"}}],"inLanguage":"de"}]}},"_links":{"self":[{"href":"https:\/\/dr-kaya.at\/index.php?rest_route=\/wp\/v2\/pages\/12","targetHints":{"allow":["GET"]}}],"collection":[{"href":"https:\/\/dr-kaya.at\/index.php?rest_route=\/wp\/v2\/pages"}],"about":[{"href":"https:\/\/dr-kaya.at\/index.php?rest_route=\/wp\/v2\/types\/page"}],"author":[{"embeddable":true,"href":"https:\/\/dr-kaya.at\/index.php?rest_route=\/wp\/v2\/users\/1"}],"replies":[{"embeddable":true,"href":"https:\/\/dr-kaya.at\/index.php?rest_route=%2Fwp%2Fv2%2Fcomments&post=12"}],"version-history":[{"count":83,"href":"https:\/\/dr-kaya.at\/index.php?rest_route=\/wp\/v2\/pages\/12\/revisions"}],"predecessor-version":[{"id":551,"href":"https:\/\/dr-kaya.at\/index.php?rest_route=\/wp\/v2\/pages\/12\/revisions\/551"}],"wp:attachment":[{"href":"https:\/\/dr-kaya.at\/index.php?rest_route=%2Fwp%2Fv2%2Fmedia&parent=12"}],"curies":[{"name":"wp","href":"https:\/\/api.w.org\/{rel}","templated":true}]}}