{"id":14,"date":"2023-07-04T11:28:53","date_gmt":"2023-07-04T09:28:53","guid":{"rendered":"https:\/\/dev-dr-kaya.justdo-it.at\/?page_id=14"},"modified":"2023-07-27T13:14:27","modified_gmt":"2023-07-27T11:14:27","slug":"home","status":"publish","type":"page","link":"https:\/\/dr-kaya.at\/?page_id=14","title":{"rendered":"Home"},"content":{"rendered":"\t\t<div data-elementor-type=\"wp-page\" data-elementor-id=\"14\" class=\"elementor elementor-14\" data-elementor-post-type=\"page\">\n\t\t\t\t\t\t<section data-particle_enable=\"false\" data-particle-mobile-disabled=\"false\" class=\"elementor-section elementor-top-section elementor-element elementor-element-29e2e40 elementor-section-height-min-height elementor-section-boxed elementor-section-height-default elementor-section-items-middle\" data-id=\"29e2e40\" data-element_type=\"section\" data-e-type=\"section\">\n\t\t\t\t\t\t\t<div class=\"elementor-background-overlay\"><\/div>\n\t\t\t\t\t\t\t<div class=\"elementor-container elementor-column-gap-default\">\n\t\t\t\t\t<div class=\"elementor-column elementor-col-33 elementor-top-column elementor-element elementor-element-8d6b023\" data-id=\"8d6b023\" data-element_type=\"column\" data-e-type=\"column\">\n\t\t\t<div class=\"elementor-widget-wrap\">\n\t\t\t\t\t\t\t<\/div>\n\t\t<\/div>\n\t\t\t\t<div class=\"elementor-column elementor-col-66 elementor-top-column elementor-element elementor-element-88a8b15\" data-id=\"88a8b15\" data-element_type=\"column\" data-e-type=\"column\">\n\t\t\t<div class=\"elementor-widget-wrap elementor-element-populated\">\n\t\t\t\t\t\t<div class=\"elementor-element elementor-element-2ded67b elementor-widget elementor-widget-heading\" data-id=\"2ded67b\" data-element_type=\"widget\" data-e-type=\"widget\" data-widget_type=\"heading.default\">\n\t\t\t\t<div class=\"elementor-widget-container\">\n\t\t\t\t\t<h2 class=\"elementor-heading-title elementor-size-default\">Die Gesundheit Ihrer Z\u00e4hne <br>\nist unser Anliegen<\/h2>\t\t\t\t<\/div>\n\t\t\t\t<\/div>\n\t\t\t\t<div class=\"elementor-element elementor-element-aa04eae elementor-widget elementor-widget-text-editor\" data-id=\"aa04eae\" data-element_type=\"widget\" data-e-type=\"widget\" data-widget_type=\"text-editor.default\">\n\t\t\t\t<div class=\"elementor-widget-container\">\n\t\t\t\t\t\t\t\t\t<p>Unter Zuhilfenahme von modernsten technischen Ger\u00e4ten und qualitiativ hochwertigen Materialien gepaart mit fachlicher Kompetenz, erhalten Sie in unserer Ordination optimale Behandlungsergebnisse. Das speziell ausgebildete Personal und die besonders patientenfreundlichen Ordinationsr\u00e4umlichkeiten unterst\u00fctzen vor allem Angstpatienten und Kinder bei der \u00dcberwindung ihrer Furcht vor dem Zahnarzt und tragen dazu bei, eine angenehme und entspannte Atmosph\u00e4re w\u00e4hrend der Behandlung zu gew\u00e4hrleisten.<\/p><p>Wir freuen uns, Sie bald in unserer Ordination begr\u00fc\u00dfen zu d\u00fcrfen!<\/p>\t\t\t\t\t\t\t\t<\/div>\n\t\t\t\t<\/div>\n\t\t\t\t\t<\/div>\n\t\t<\/div>\n\t\t\t\t\t<\/div>\n\t\t<\/section>\n\t\t\t\t<\/div>\n\t\t","protected":false},"excerpt":{"rendered":"<p>Die Gesundheit Ihrer Z\u00e4hne ist unser Anliegen Unter Zuhilfenahme von modernsten technischen Ger\u00e4ten und qualitiativ hochwertigen Materialien gepaart mit fachlicher Kompetenz, erhalten Sie in unserer Ordination optimale Behandlungsergebnisse. Das speziell ausgebildete Personal und die besonders patientenfreundlichen Ordinationsr\u00e4umlichkeiten unterst\u00fctzen vor allem Angstpatienten und Kinder bei der \u00dcberwindung ihrer Furcht vor dem Zahnarzt und tragen dazu bei, [&hellip;]<\/p>\n","protected":false},"author":1,"featured_media":0,"parent":0,"menu_order":0,"comment_status":"closed","ping_status":"closed","template":"","meta":{"footnotes":""},"class_list":["post-14","page","type-page","status-publish","hentry"],"yoast_head":"<!-- This site is optimized with the Yoast SEO plugin v27.3 - https:\/\/yoast.com\/product\/yoast-seo-wordpress\/ -->\n<title>Home - Dr. med. dent. Erkan Kaya \u2013 Zahnarzt<\/title>\n<meta name=\"robots\" content=\"index, follow, max-snippet:-1, max-image-preview:large, max-video-preview:-1\" \/>\n<link rel=\"canonical\" href=\"https:\/\/dr-kaya.at\/?page_id=14\" \/>\n<meta property=\"og:locale\" content=\"de_DE\" \/>\n<meta property=\"og:type\" content=\"article\" \/>\n<meta property=\"og:title\" content=\"Home - Dr. med. dent. Erkan Kaya \u2013 Zahnarzt\" \/>\n<meta property=\"og:description\" content=\"Die Gesundheit Ihrer Z\u00e4hne ist unser Anliegen Unter Zuhilfenahme von modernsten technischen Ger\u00e4ten und qualitiativ hochwertigen Materialien gepaart mit fachlicher Kompetenz, erhalten Sie in unserer Ordination optimale Behandlungsergebnisse. Das speziell ausgebildete Personal und die besonders patientenfreundlichen Ordinationsr\u00e4umlichkeiten unterst\u00fctzen vor allem Angstpatienten und Kinder bei der \u00dcberwindung ihrer Furcht vor dem Zahnarzt und tragen dazu bei, [&hellip;]\" \/>\n<meta property=\"og:url\" content=\"https:\/\/dr-kaya.at\/?page_id=14\" \/>\n<meta property=\"og:site_name\" content=\"Dr. med. dent. Erkan Kaya \u2013 Zahnarzt\" \/>\n<meta property=\"article:modified_time\" content=\"2023-07-27T11:14:27+00:00\" \/>\n<meta name=\"twitter:card\" content=\"summary_large_image\" \/>\n<meta name=\"twitter:label1\" content=\"Gesch\u00e4tzte Lesezeit\" \/>\n\t<meta name=\"twitter:data1\" content=\"1\u00a0Minute\" \/>\n<script type=\"application\/ld+json\" class=\"yoast-schema-graph\">{\"@context\":\"https:\\\/\\\/schema.org\",\"@graph\":[{\"@type\":\"WebPage\",\"@id\":\"https:\\\/\\\/dr-kaya.at\\\/?page_id=14\",\"url\":\"https:\\\/\\\/dr-kaya.at\\\/?page_id=14\",\"name\":\"Home - Dr. med. dent. Erkan Kaya \u2013 Zahnarzt\",\"isPartOf\":{\"@id\":\"https:\\\/\\\/dr-kaya.at\\\/#website\"},\"datePublished\":\"2023-07-04T09:28:53+00:00\",\"dateModified\":\"2023-07-27T11:14:27+00:00\",\"breadcrumb\":{\"@id\":\"https:\\\/\\\/dr-kaya.at\\\/?page_id=14#breadcrumb\"},\"inLanguage\":\"de\",\"potentialAction\":[{\"@type\":\"ReadAction\",\"target\":[\"https:\\\/\\\/dr-kaya.at\\\/?page_id=14\"]}]},{\"@type\":\"BreadcrumbList\",\"@id\":\"https:\\\/\\\/dr-kaya.at\\\/?page_id=14#breadcrumb\",\"itemListElement\":[{\"@type\":\"ListItem\",\"position\":1,\"name\":\"Startseite\",\"item\":\"https:\\\/\\\/dr-kaya.at\\\/\"},{\"@type\":\"ListItem\",\"position\":2,\"name\":\"Home\"}]},{\"@type\":\"WebSite\",\"@id\":\"https:\\\/\\\/dr-kaya.at\\\/#website\",\"url\":\"https:\\\/\\\/dr-kaya.at\\\/\",\"name\":\"Dr. med. dent. Erkan Kaya \u2013 Zahnarzt\",\"description\":\"\",\"potentialAction\":[{\"@type\":\"SearchAction\",\"target\":{\"@type\":\"EntryPoint\",\"urlTemplate\":\"https:\\\/\\\/dr-kaya.at\\\/?s={search_term_string}\"},\"query-input\":{\"@type\":\"PropertyValueSpecification\",\"valueRequired\":true,\"valueName\":\"search_term_string\"}}],\"inLanguage\":\"de\"}]}<\/script>\n<!-- \/ Yoast SEO plugin. -->","yoast_head_json":{"title":"Home - Dr. med. dent. Erkan Kaya \u2013 Zahnarzt","robots":{"index":"index","follow":"follow","max-snippet":"max-snippet:-1","max-image-preview":"max-image-preview:large","max-video-preview":"max-video-preview:-1"},"canonical":"https:\/\/dr-kaya.at\/?page_id=14","og_locale":"de_DE","og_type":"article","og_title":"Home - Dr. med. dent. Erkan Kaya \u2013 Zahnarzt","og_description":"Die Gesundheit Ihrer Z\u00e4hne ist unser Anliegen Unter Zuhilfenahme von modernsten technischen Ger\u00e4ten und qualitiativ hochwertigen Materialien gepaart mit fachlicher Kompetenz, erhalten Sie in unserer Ordination optimale Behandlungsergebnisse. Das speziell ausgebildete Personal und die besonders patientenfreundlichen Ordinationsr\u00e4umlichkeiten unterst\u00fctzen vor allem Angstpatienten und Kinder bei der \u00dcberwindung ihrer Furcht vor dem Zahnarzt und tragen dazu bei, [&hellip;]","og_url":"https:\/\/dr-kaya.at\/?page_id=14","og_site_name":"Dr. med. dent. Erkan Kaya \u2013 Zahnarzt","article_modified_time":"2023-07-27T11:14:27+00:00","twitter_card":"summary_large_image","twitter_misc":{"Gesch\u00e4tzte Lesezeit":"1\u00a0Minute"},"schema":{"@context":"https:\/\/schema.org","@graph":[{"@type":"WebPage","@id":"https:\/\/dr-kaya.at\/?page_id=14","url":"https:\/\/dr-kaya.at\/?page_id=14","name":"Home - Dr. med. dent. Erkan Kaya \u2013 Zahnarzt","isPartOf":{"@id":"https:\/\/dr-kaya.at\/#website"},"datePublished":"2023-07-04T09:28:53+00:00","dateModified":"2023-07-27T11:14:27+00:00","breadcrumb":{"@id":"https:\/\/dr-kaya.at\/?page_id=14#breadcrumb"},"inLanguage":"de","potentialAction":[{"@type":"ReadAction","target":["https:\/\/dr-kaya.at\/?page_id=14"]}]},{"@type":"BreadcrumbList","@id":"https:\/\/dr-kaya.at\/?page_id=14#breadcrumb","itemListElement":[{"@type":"ListItem","position":1,"name":"Startseite","item":"https:\/\/dr-kaya.at\/"},{"@type":"ListItem","position":2,"name":"Home"}]},{"@type":"WebSite","@id":"https:\/\/dr-kaya.at\/#website","url":"https:\/\/dr-kaya.at\/","name":"Dr. med. dent. Erkan Kaya \u2013 Zahnarzt","description":"","potentialAction":[{"@type":"SearchAction","target":{"@type":"EntryPoint","urlTemplate":"https:\/\/dr-kaya.at\/?s={search_term_string}"},"query-input":{"@type":"PropertyValueSpecification","valueRequired":true,"valueName":"search_term_string"}}],"inLanguage":"de"}]}},"_links":{"self":[{"href":"https:\/\/dr-kaya.at\/index.php?rest_route=\/wp\/v2\/pages\/14","targetHints":{"allow":["GET"]}}],"collection":[{"href":"https:\/\/dr-kaya.at\/index.php?rest_route=\/wp\/v2\/pages"}],"about":[{"href":"https:\/\/dr-kaya.at\/index.php?rest_route=\/wp\/v2\/types\/page"}],"author":[{"embeddable":true,"href":"https:\/\/dr-kaya.at\/index.php?rest_route=\/wp\/v2\/users\/1"}],"replies":[{"embeddable":true,"href":"https:\/\/dr-kaya.at\/index.php?rest_route=%2Fwp%2Fv2%2Fcomments&post=14"}],"version-history":[{"count":71,"href":"https:\/\/dr-kaya.at\/index.php?rest_route=\/wp\/v2\/pages\/14\/revisions"}],"predecessor-version":[{"id":545,"href":"https:\/\/dr-kaya.at\/index.php?rest_route=\/wp\/v2\/pages\/14\/revisions\/545"}],"wp:attachment":[{"href":"https:\/\/dr-kaya.at\/index.php?rest_route=%2Fwp%2Fv2%2Fmedia&parent=14"}],"curies":[{"name":"wp","href":"https:\/\/api.w.org\/{rel}","templated":true}]}}