{"id":21,"date":"2023-07-04T11:33:01","date_gmt":"2023-07-04T09:33:01","guid":{"rendered":"https:\/\/dev-dr-kaya.justdo-it.at\/?page_id=21"},"modified":"2023-07-27T13:54:08","modified_gmt":"2023-07-27T11:54:08","slug":"standort","status":"publish","type":"page","link":"https:\/\/dr-kaya.at\/?page_id=21","title":{"rendered":"Standort"},"content":{"rendered":"\t\t<div data-elementor-type=\"wp-page\" data-elementor-id=\"21\" class=\"elementor elementor-21\" data-elementor-post-type=\"page\">\n\t\t\t\t\t\t<section data-particle_enable=\"false\" data-particle-mobile-disabled=\"false\" class=\"elementor-section elementor-top-section elementor-element elementor-element-129600f elementor-section-height-min-height elementor-section-boxed elementor-section-height-default elementor-section-items-middle\" data-id=\"129600f\" data-element_type=\"section\" data-e-type=\"section\" data-settings=\"{&quot;animation&quot;:&quot;none&quot;}\">\n\t\t\t\t\t\t\t<div class=\"elementor-background-overlay\"><\/div>\n\t\t\t\t\t\t\t<div class=\"elementor-container elementor-column-gap-custom\">\n\t\t\t\t\t<div class=\"elementor-column elementor-col-50 elementor-top-column elementor-element elementor-element-ca36b79\" data-id=\"ca36b79\" data-element_type=\"column\" data-e-type=\"column\">\n\t\t\t<div class=\"elementor-widget-wrap elementor-element-populated\">\n\t\t\t\t\t\t<div class=\"elementor-element elementor-element-8c5449f elementor-widget elementor-widget-google_maps\" data-id=\"8c5449f\" data-element_type=\"widget\" data-e-type=\"widget\" data-widget_type=\"google_maps.default\">\n\t\t\t\t<div class=\"elementor-widget-container\">\n\t\t\t\t\t\t\t<div class=\"elementor-custom-embed\">\n\t\t\t<iframe loading=\"lazy\"\n\t\t\t\t\tsrc=\"https:\/\/maps.google.com\/maps?q=1160%20Wien%2C%20Herbststra%C3%9Fe%2077-85&#038;t=m&#038;z=13&#038;output=embed&#038;iwloc=near\"\n\t\t\t\t\ttitle=\"1160 Wien, Herbststra\u00dfe 77-85\"\n\t\t\t\t\taria-label=\"1160 Wien, Herbststra\u00dfe 77-85\"\n\t\t\t><\/iframe>\n\t\t<\/div>\n\t\t\t\t\t\t<\/div>\n\t\t\t\t<\/div>\n\t\t\t\t\t<\/div>\n\t\t<\/div>\n\t\t\t\t<div class=\"elementor-column elementor-col-50 elementor-top-column elementor-element elementor-element-8840536\" data-id=\"8840536\" data-element_type=\"column\" data-e-type=\"column\">\n\t\t\t<div class=\"elementor-widget-wrap elementor-element-populated\">\n\t\t\t\t\t\t<div class=\"elementor-element elementor-element-f9eb472 elementor-widget elementor-widget-heading\" data-id=\"f9eb472\" data-element_type=\"widget\" data-e-type=\"widget\" data-widget_type=\"heading.default\">\n\t\t\t\t<div class=\"elementor-widget-container\">\n\t\t\t\t\t<h2 class=\"elementor-heading-title elementor-size-default\">So kommen Sie zu uns<\/h2>\t\t\t\t<\/div>\n\t\t\t\t<\/div>\n\t\t\t\t<div class=\"elementor-element elementor-element-9c2b7ca elementor-widget elementor-widget-text-editor\" data-id=\"9c2b7ca\" data-element_type=\"widget\" data-e-type=\"widget\" data-widget_type=\"text-editor.default\">\n\t\t\t\t<div class=\"elementor-widget-container\">\n\t\t\t\t\t\t\t\t\t<p>1160 Wien, Herbststra\u00dfe 77-85<br \/>Stiege 10 T\u00fcr 7<br \/>Eingang Br\u00fc\u00dflgasse 1<br \/><br \/>Autobus 48 A Station Br\u00fc\u00dflgasse &#8211; Fu\u00dfweg 2 min<br \/><br \/>Strassenbahn 9 Station Panikengasse &#8211; Fu\u00dfweg 5 min<br \/><br \/>U-Bahn U3 Station Ottakring &#8211; Fu\u00dfweg 10 min<\/p>\t\t\t\t\t\t\t\t<\/div>\n\t\t\t\t<\/div>\n\t\t\t\t\t<\/div>\n\t\t<\/div>\n\t\t\t\t\t<\/div>\n\t\t<\/section>\n\t\t\t\t<\/div>\n\t\t","protected":false},"excerpt":{"rendered":"<p>So kommen Sie zu uns 1160 Wien, Herbststra\u00dfe 77-85Stiege 10 T\u00fcr 7Eingang Br\u00fc\u00dflgasse 1 Autobus 48 A Station Br\u00fc\u00dflgasse &#8211; Fu\u00dfweg 2 min Strassenbahn 9 Station Panikengasse &#8211; Fu\u00dfweg 5 min U-Bahn U3 Station Ottakring &#8211; Fu\u00dfweg 10 min<\/p>\n","protected":false},"author":1,"featured_media":0,"parent":0,"menu_order":0,"comment_status":"closed","ping_status":"closed","template":"","meta":{"footnotes":""},"class_list":["post-21","page","type-page","status-publish","hentry"],"yoast_head":"<!-- This site is optimized with the Yoast SEO plugin v27.3 - https:\/\/yoast.com\/product\/yoast-seo-wordpress\/ -->\n<title>Standort - Dr. med. dent. Erkan Kaya \u2013 Zahnarzt<\/title>\n<meta name=\"robots\" content=\"index, follow, max-snippet:-1, max-image-preview:large, max-video-preview:-1\" \/>\n<link rel=\"canonical\" href=\"https:\/\/dr-kaya.at\/?page_id=21\" \/>\n<meta property=\"og:locale\" content=\"de_DE\" \/>\n<meta property=\"og:type\" content=\"article\" \/>\n<meta property=\"og:title\" content=\"Standort - Dr. med. dent. Erkan Kaya \u2013 Zahnarzt\" \/>\n<meta property=\"og:description\" content=\"So kommen Sie zu uns 1160 Wien, Herbststra\u00dfe 77-85Stiege 10 T\u00fcr 7Eingang Br\u00fc\u00dflgasse 1 Autobus 48 A Station Br\u00fc\u00dflgasse &#8211; Fu\u00dfweg 2 min Strassenbahn 9 Station Panikengasse &#8211; Fu\u00dfweg 5 min U-Bahn U3 Station Ottakring &#8211; Fu\u00dfweg 10 min\" \/>\n<meta property=\"og:url\" content=\"https:\/\/dr-kaya.at\/?page_id=21\" \/>\n<meta property=\"og:site_name\" content=\"Dr. med. dent. Erkan Kaya \u2013 Zahnarzt\" \/>\n<meta property=\"article:modified_time\" content=\"2023-07-27T11:54:08+00:00\" \/>\n<meta name=\"twitter:card\" content=\"summary_large_image\" \/>\n<meta name=\"twitter:label1\" content=\"Gesch\u00e4tzte Lesezeit\" \/>\n\t<meta name=\"twitter:data1\" content=\"1\u00a0Minute\" \/>\n<script type=\"application\/ld+json\" class=\"yoast-schema-graph\">{\"@context\":\"https:\\\/\\\/schema.org\",\"@graph\":[{\"@type\":\"WebPage\",\"@id\":\"https:\\\/\\\/dr-kaya.at\\\/?page_id=21\",\"url\":\"https:\\\/\\\/dr-kaya.at\\\/?page_id=21\",\"name\":\"Standort - Dr. med. dent. Erkan Kaya \u2013 Zahnarzt\",\"isPartOf\":{\"@id\":\"https:\\\/\\\/dr-kaya.at\\\/#website\"},\"datePublished\":\"2023-07-04T09:33:01+00:00\",\"dateModified\":\"2023-07-27T11:54:08+00:00\",\"breadcrumb\":{\"@id\":\"https:\\\/\\\/dr-kaya.at\\\/?page_id=21#breadcrumb\"},\"inLanguage\":\"de\",\"potentialAction\":[{\"@type\":\"ReadAction\",\"target\":[\"https:\\\/\\\/dr-kaya.at\\\/?page_id=21\"]}]},{\"@type\":\"BreadcrumbList\",\"@id\":\"https:\\\/\\\/dr-kaya.at\\\/?page_id=21#breadcrumb\",\"itemListElement\":[{\"@type\":\"ListItem\",\"position\":1,\"name\":\"Startseite\",\"item\":\"https:\\\/\\\/dr-kaya.at\\\/\"},{\"@type\":\"ListItem\",\"position\":2,\"name\":\"Standort\"}]},{\"@type\":\"WebSite\",\"@id\":\"https:\\\/\\\/dr-kaya.at\\\/#website\",\"url\":\"https:\\\/\\\/dr-kaya.at\\\/\",\"name\":\"Dr. med. dent. Erkan Kaya \u2013 Zahnarzt\",\"description\":\"\",\"potentialAction\":[{\"@type\":\"SearchAction\",\"target\":{\"@type\":\"EntryPoint\",\"urlTemplate\":\"https:\\\/\\\/dr-kaya.at\\\/?s={search_term_string}\"},\"query-input\":{\"@type\":\"PropertyValueSpecification\",\"valueRequired\":true,\"valueName\":\"search_term_string\"}}],\"inLanguage\":\"de\"}]}<\/script>\n<!-- \/ Yoast SEO plugin. -->","yoast_head_json":{"title":"Standort - Dr. med. dent. Erkan Kaya \u2013 Zahnarzt","robots":{"index":"index","follow":"follow","max-snippet":"max-snippet:-1","max-image-preview":"max-image-preview:large","max-video-preview":"max-video-preview:-1"},"canonical":"https:\/\/dr-kaya.at\/?page_id=21","og_locale":"de_DE","og_type":"article","og_title":"Standort - Dr. med. dent. Erkan Kaya \u2013 Zahnarzt","og_description":"So kommen Sie zu uns 1160 Wien, Herbststra\u00dfe 77-85Stiege 10 T\u00fcr 7Eingang Br\u00fc\u00dflgasse 1 Autobus 48 A Station Br\u00fc\u00dflgasse &#8211; Fu\u00dfweg 2 min Strassenbahn 9 Station Panikengasse &#8211; Fu\u00dfweg 5 min U-Bahn U3 Station Ottakring &#8211; Fu\u00dfweg 10 min","og_url":"https:\/\/dr-kaya.at\/?page_id=21","og_site_name":"Dr. med. dent. Erkan Kaya \u2013 Zahnarzt","article_modified_time":"2023-07-27T11:54:08+00:00","twitter_card":"summary_large_image","twitter_misc":{"Gesch\u00e4tzte Lesezeit":"1\u00a0Minute"},"schema":{"@context":"https:\/\/schema.org","@graph":[{"@type":"WebPage","@id":"https:\/\/dr-kaya.at\/?page_id=21","url":"https:\/\/dr-kaya.at\/?page_id=21","name":"Standort - Dr. med. dent. Erkan Kaya \u2013 Zahnarzt","isPartOf":{"@id":"https:\/\/dr-kaya.at\/#website"},"datePublished":"2023-07-04T09:33:01+00:00","dateModified":"2023-07-27T11:54:08+00:00","breadcrumb":{"@id":"https:\/\/dr-kaya.at\/?page_id=21#breadcrumb"},"inLanguage":"de","potentialAction":[{"@type":"ReadAction","target":["https:\/\/dr-kaya.at\/?page_id=21"]}]},{"@type":"BreadcrumbList","@id":"https:\/\/dr-kaya.at\/?page_id=21#breadcrumb","itemListElement":[{"@type":"ListItem","position":1,"name":"Startseite","item":"https:\/\/dr-kaya.at\/"},{"@type":"ListItem","position":2,"name":"Standort"}]},{"@type":"WebSite","@id":"https:\/\/dr-kaya.at\/#website","url":"https:\/\/dr-kaya.at\/","name":"Dr. med. dent. Erkan Kaya \u2013 Zahnarzt","description":"","potentialAction":[{"@type":"SearchAction","target":{"@type":"EntryPoint","urlTemplate":"https:\/\/dr-kaya.at\/?s={search_term_string}"},"query-input":{"@type":"PropertyValueSpecification","valueRequired":true,"valueName":"search_term_string"}}],"inLanguage":"de"}]}},"_links":{"self":[{"href":"https:\/\/dr-kaya.at\/index.php?rest_route=\/wp\/v2\/pages\/21","targetHints":{"allow":["GET"]}}],"collection":[{"href":"https:\/\/dr-kaya.at\/index.php?rest_route=\/wp\/v2\/pages"}],"about":[{"href":"https:\/\/dr-kaya.at\/index.php?rest_route=\/wp\/v2\/types\/page"}],"author":[{"embeddable":true,"href":"https:\/\/dr-kaya.at\/index.php?rest_route=\/wp\/v2\/users\/1"}],"replies":[{"embeddable":true,"href":"https:\/\/dr-kaya.at\/index.php?rest_route=%2Fwp%2Fv2%2Fcomments&post=21"}],"version-history":[{"count":50,"href":"https:\/\/dr-kaya.at\/index.php?rest_route=\/wp\/v2\/pages\/21\/revisions"}],"predecessor-version":[{"id":615,"href":"https:\/\/dr-kaya.at\/index.php?rest_route=\/wp\/v2\/pages\/21\/revisions\/615"}],"wp:attachment":[{"href":"https:\/\/dr-kaya.at\/index.php?rest_route=%2Fwp%2Fv2%2Fmedia&parent=21"}],"curies":[{"name":"wp","href":"https:\/\/api.w.org\/{rel}","templated":true}]}}